{"id":52488,"date":"2018-04-03T14:19:55","date_gmt":"2018-04-03T11:19:55","guid":{"rendered":"http:\/\/www.istlink.com.tr\/?page_id=52488"},"modified":"2025-07-31T18:18:23","modified_gmt":"2025-07-31T15:18:23","slug":"contact_1","status":"publish","type":"page","link":"https:\/\/www.istlink.com.tr\/en\/contact_1\/","title":{"rendered":"CONTACT"},"content":{"rendered":"<p>[vc_row][vc_column][vc_column_text]<\/p>\n<h1>CONTACT<\/h1>\n<p>[\/vc_column_text][\/vc_column][\/vc_row][vc_row][vc_column width=&#8221;1\/2&#8243;][vc_column_text]<\/p>\n<div style=\"padding: 10px;\">\n<p>&nbsp;<\/p>\n<table border=\"0\" width=\"100%\">\n<tbody>\n<tr>\n<td style=\"border-bottom: 1px solid #E6E6E6; color: #b01822;\" width=\"100\"><strong>Title:<\/strong><\/p>\n<p><strong>Adress:<\/strong><\/p>\n<p>&nbsp;<\/td>\n<td style=\"border-bottom: 1px solid #E6E6E6;\"><strong>Head Office:Teknopark \u0130stanbul<\/strong><\/p>\n<p>Sanayi Mah. Teknopark Blvd. No:1\/3A 210<\/p>\n<p>Pendik \u2013 \u0130stanbul TURKEY 34906<\/p>\n<p><strong>Branch Office: Medipol University Meta Tekmer<\/strong><\/p>\n<p>Ekinciler Cad. No:24 Eren Plaza Kat:4<\/p>\n<p>Kavac\u0131k Beykoz-\u0130stanbul T\u00dcRK\u0130YE 34810<\/td>\n<\/tr>\n<tr>\n<td style=\"border-bottom: 1px solid #E6E6E6; color: #b01822;\" width=\"100\"><strong>Phone:<\/strong><\/td>\n<td style=\"border-bottom: 1px solid #E6E6E6;\">+90 216 504 01 66<\/td>\n<\/tr>\n<tr>\n<td style=\"border-bottom: 1px solid #E6E6E6; color: #b01822;\" width=\"100\"><strong>Mail:<\/strong><\/td>\n<td style=\"border-bottom: 1px solid #E6E6E6;\">info@istlink.com.tr<\/td>\n<\/tr>\n<tr>\n<td style=\"border-bottom: 1px solid #E6E6E6; color: #b01822;\" width=\"100\"><strong>Carrier:<\/strong><\/td>\n<td style=\"border-bottom: 1px solid #E6E6E6;\">ik@istlink.com.tr<\/td>\n<\/tr>\n<\/tbody>\n<\/table>\n<\/div>\n<p>[\/vc_column_text][vc_accordion active_tab=&#8221;&#8221;][vc_accordion_tab title=&#8221;Financial information&#8221;][vc_column_text]<strong>Title:<\/strong> \u0130stanbul Link Haberle\u015fme San. ve Tic. Ltd. Sti.<\/p>\n<p><strong>Address:<\/strong> Sanayi Mah. Teknopark Blv. No:1\/3A 210 Pendik-Istanbul 34906 Turkey<\/p>\n<p><strong>Tax Office \/ No:<\/strong> Pendik V.D. \/ 4810580096[\/vc_column_text][\/vc_accordion_tab][vc_accordion_tab title=&#8221;Bank Information&#8221;][vc_column_text]<\/p>\n<ul>\n<li>TL Account \/ Kuveyt T\u00fcrk Bank \/ Pendik Branch \/ Iban: TR03 0020 5000 0089 2246 4000 01<\/li>\n<li>TL Account \/ Garanti Bank \/ 4. Levent Branch \/ Iban: TR84 0006 2001 0450 0006 2992 75<\/li>\n<li>USD Account \/ Garanti Bank \/ 4. Levent Branch \/ Iban: TR57 0006 2001 0450 0009 0968 53<\/li>\n<li>USD Account \/ Kuveyt T\u00fcrk Bank \/ Pendik Branch \/ Iban: TR19 00205000 0089 2246 4001 01<\/li>\n<li>EURO Account \/ Garanti Bank \/ 4. Levent Branch \/ Iban: TR84 0006 2001 0450 0009 0968 52<\/li>\n<\/ul>\n<p>[\/vc_column_text][\/vc_accordion_tab][\/vc_accordion][\/vc_column][vc_column width=&#8221;1\/2&#8243;][vc_gmaps link=&#8221;#E-8_JTNDaWZyYW1lJTIwc3JjJTNEJTIyaHR0cHMlM0ElMkYlMkZ3d3cuZ29vZ2xlLmNvbSUyRm1hcHMlMkZlbWJlZCUzRnBiJTNEJTIxMW0xOCUyMTFtMTIlMjExbTMlMjExZDI2MTkuODc1ODQ4MjM5ODIwNyUyMTJkMjkuMzE0NDUyNjQzMTA2NDglMjEzZDQwLjkxOTQ4MjQ4NzQ3NTk0NiUyMTJtMyUyMTFmMCUyMTJmMCUyMTNmMCUyMTNtMiUyMTFpMTAyNCUyMTJpNzY4JTIxNGYxMy4xJTIxM20zJTIxMW0yJTIxMXMweDAlMjUzQTB4ODAzNWEzZDY0Y2VmOTNkYyUyMTJzVGVrbm9wYXJrJTJCJTI1QzQlMjVCMHN0YW5idWwlMjE1ZTAlMjEzbTIlMjExc3RyJTIxMnN1cyUyMTR2MTUzNjY3MTg5NzM3NCUyMiUyMHdpZHRoJTNEJTIyNjAwJTIyJTIwaGVpZ2h0JTNEJTIyNDUwJTIyJTIwZnJhbWVib3JkZXIlM0QlMjIwJTIyJTIwc3R5bGUlM0QlMjJib3JkZXIlM0EwJTIyJTIwYWxsb3dmdWxsc2NyZWVuJTNFJTNDJTJGaWZyYW1lJTNF&#8221;][\/vc_column][\/vc_row]<\/p>\n","protected":false},"excerpt":{"rendered":"<p>[vc_row][vc_column][vc_column_text] CONTACT [\/vc_column_text][\/vc_column][\/vc_row][vc_row][vc_column width=&#8221;1\/2&#8243;][vc_column_text] &nbsp; Title: Adress: &nbsp; Head Office:Teknopark \u0130stanbul Sanayi Mah. Teknopark Blvd. No:1\/3A 210 Pendik \u2013 \u0130stanbul TURKEY 34906 Branch Office: Medipol University Meta Tekmer Ekinciler Cad. No:24 Eren Plaza Kat:4 Kavac\u0131k Beykoz-\u0130stanbul T\u00dcRK\u0130YE 34810 Phone: +90 216 504 01 66 Mail: info@istlink.com.tr Carrier: ik@istlink.com.tr [\/vc_column_text][vc_accordion active_tab=&#8221;&#8221;][vc_accordion_tab title=&#8221;Financial information&#8221;][vc_column_text]Title: \u0130stanbul Link Haberle\u015fme&hellip;<\/p>\n","protected":false},"author":1,"featured_media":0,"parent":0,"menu_order":0,"comment_status":"closed","ping_status":"closed","template":"","meta":[],"_links":{"self":[{"href":"https:\/\/www.istlink.com.tr\/en\/wp-json\/wp\/v2\/pages\/52488"}],"collection":[{"href":"https:\/\/www.istlink.com.tr\/en\/wp-json\/wp\/v2\/pages"}],"about":[{"href":"https:\/\/www.istlink.com.tr\/en\/wp-json\/wp\/v2\/types\/page"}],"author":[{"embeddable":true,"href":"https:\/\/www.istlink.com.tr\/en\/wp-json\/wp\/v2\/users\/1"}],"replies":[{"embeddable":true,"href":"https:\/\/www.istlink.com.tr\/en\/wp-json\/wp\/v2\/comments?post=52488"}],"version-history":[{"count":9,"href":"https:\/\/www.istlink.com.tr\/en\/wp-json\/wp\/v2\/pages\/52488\/revisions"}],"predecessor-version":[{"id":52961,"href":"https:\/\/www.istlink.com.tr\/en\/wp-json\/wp\/v2\/pages\/52488\/revisions\/52961"}],"wp:attachment":[{"href":"https:\/\/www.istlink.com.tr\/en\/wp-json\/wp\/v2\/media?parent=52488"}],"curies":[{"name":"wp","href":"https:\/\/api.w.org\/{rel}","templated":true}]}}